{"id":1046,"date":"2021-07-08T09:31:39","date_gmt":"2021-07-08T07:31:39","guid":{"rendered":"http:\/\/neu.gmbu.de\/?page_id=1046"},"modified":"2025-10-02T13:15:35","modified_gmt":"2025-10-02T11:15:35","slug":"kontakt","status":"publish","type":"page","link":"https:\/\/www.gmbu.de\/en\/kontakt\/","title":{"rendered":"Contact"},"content":{"rendered":"\n<div class=\"wp-block-columns is-layout-flex wp-container-core-columns-is-layout-9d6595d7 wp-block-columns-is-layout-flex\">\n<div class=\"wp-block-column is-layout-flow wp-block-column-is-layout-flow\">\n<h2 class=\"wp-block-heading\" id=\"fachsektion-halle\">Department Halle Saxony-Anhalt<\/h2>\n\n\n\n<h3 class=\"wp-block-heading\">Environmental Biotechnology<\/h3>\n\n\n\n<p><\/p>\n\n\n\n<p>Gesellschaft zur F\u00f6rderung von Medizin-, Bio- und Umwelttechnologien e.V.<\/p>\n\n\n\n<p>Erich-Neu\u00df-Weg 5<br>06120 Halle (Saale) <code><br><\/code>Germany<\/p>\n\n\n\n<p><strong>Head of Department<\/strong><\/p>\n\n\n\n<p>Dr. Ing. Klaus Kr\u00fcger<br><br>Tel.: +49345 7779641<br><br>E-Mail: <a href=\"mailto:halle@gmbu.de\" target=\"_blank\" rel=\"noreferrer noopener\">halle@gmbu.de<\/a><\/p>\n\n\n\n<figure class=\"wp-block-image size-large\"><img decoding=\"async\" src=\"http:\/\/www.gmbu.de\/wp-content\/uploads\/2021\/04\/GMBU_Karten_Halle.png\" alt=\"\" class=\"wp-image-932\"\/><\/figure>\n<\/div>\n\n\n\n<div class=\"wp-block-column is-layout-flow wp-block-column-is-layout-flow\">\n<h2 class=\"wp-block-heading\" id=\"fachsektion-jena\">Department Jena Thuringia<\/h2>\n\n\n\n<h3 class=\"wp-block-heading\">Photonics and <code><br><\/code>Sensor Technology<\/h3>\n\n\n\n<p>Gesellschaft zur F\u00f6rderung von Medizin-, Bio- und Umwelttechnologien e.V.<\/p>\n\n\n\n<p>Felsbachstra\u00dfe 7<br>07745 Jena <code><br><\/code>Germany<\/p>\n\n\n\n<p><strong>Project coordinator<\/strong><\/p>\n\n\n\n<p>Martin K\u00fchnel<br> <br>Tel.: +493641 366710<br>Fax: +493641 366777<br>E-Mail: <a href=\"mailto:jena@gmbu.de\">jena@gmbu.de<\/a><\/p>\n\n\n\n<figure class=\"wp-block-image size-large\"><img decoding=\"async\" src=\"http:\/\/www.gmbu.de\/wp-content\/uploads\/2021\/04\/GMBU_Karten-Jena.png\" alt=\"\" class=\"wp-image-966\"\/><\/figure>\n<\/div>\n\n\n\n<div class=\"wp-block-column is-layout-flow wp-block-column-is-layout-flow\">\n<h2 class=\"wp-block-heading\">Department Dresden Saxony<\/h2>\n\n\n\n<h3 class=\"wp-block-heading\">Functional Coatings  <\/h3>\n\n\n\n<div style=\"height:34px\" aria-hidden=\"true\" class=\"wp-block-spacer\"><\/div>\n\n\n\n<p>Gesellschaft zur F\u00f6rderung von Medizin, Bio- und Umwelttechnologien e.V.<\/p>\n\n\n\n<p>Bautzner Landstra\u00dfe 45<br>01454 Radeberg <code><br><\/code>Germany<\/p>\n\n\n\n<p><strong>Head of Department <\/strong><\/p>\n\n\n\n<p>Dr. Ulrich Soltmann<br><br>Tel.: +49351 2695343<br>Fax: +49351 2695341<br>E-Mail: <a href=\"mailto:dresden@gmbu.de\" target=\"_blank\" rel=\"noreferrer noopener\">dresden@gmbu.de<\/a><\/p>\n\n\n\n<figure class=\"wp-block-image size-large\"><img decoding=\"async\" src=\"http:\/\/www.gmbu.de\/wp-content\/uploads\/2021\/04\/GMBU_Karten-Dresden.png\" alt=\"\" class=\"wp-image-967\"\/><\/figure>\n<\/div>\n<\/div>\n\n\n\n<p><\/p>\n","protected":false},"excerpt":{"rendered":"<p>Department Halle Saxony-Anhalt Environmental Biotechnology Gesellschaft zur F\u00f6rderung von Medizin-, Bio- und Umwelttechnologien e.V. Erich-Neu\u00df-Weg 506120 Halle (Saale) Germany Head of Department Dr. Ing. Klaus Kr\u00fcger Tel.: +49345 7779641 E-Mail: halle@gmbu.de Department Jena Thuringia Photonics and Sensor Technology Gesellschaft zur F\u00f6rderung von Medizin-, Bio- und Umwelttechnologien e.V. Felsbachstra\u00dfe 707745 Jena Germany Project coordinator Martin K\u00fchnel [&hellip;]<\/p>\n","protected":false},"author":2,"featured_media":0,"parent":0,"menu_order":0,"comment_status":"closed","ping_status":"closed","template":"","meta":{"footnotes":""},"class_list":["post-1046","page","type-page","status-publish","hentry"],"_links":{"self":[{"href":"https:\/\/www.gmbu.de\/en\/wp-json\/wp\/v2\/pages\/1046","targetHints":{"allow":["GET"]}}],"collection":[{"href":"https:\/\/www.gmbu.de\/en\/wp-json\/wp\/v2\/pages"}],"about":[{"href":"https:\/\/www.gmbu.de\/en\/wp-json\/wp\/v2\/types\/page"}],"author":[{"embeddable":true,"href":"https:\/\/www.gmbu.de\/en\/wp-json\/wp\/v2\/users\/2"}],"replies":[{"embeddable":true,"href":"https:\/\/www.gmbu.de\/en\/wp-json\/wp\/v2\/comments?post=1046"}],"version-history":[{"count":46,"href":"https:\/\/www.gmbu.de\/en\/wp-json\/wp\/v2\/pages\/1046\/revisions"}],"predecessor-version":[{"id":7163,"href":"https:\/\/www.gmbu.de\/en\/wp-json\/wp\/v2\/pages\/1046\/revisions\/7163"}],"wp:attachment":[{"href":"https:\/\/www.gmbu.de\/en\/wp-json\/wp\/v2\/media?parent=1046"}],"curies":[{"name":"wp","href":"https:\/\/api.w.org\/{rel}","templated":true}]}}